{"id":655,"date":"2023-08-18T14:27:09","date_gmt":"2023-08-18T18:27:09","guid":{"rendered":"https:\/\/katimavik.org\/nouvelles\/"},"modified":"2025-01-07T10:31:41","modified_gmt":"2025-01-07T15:31:41","slug":"news","status":"publish","type":"page","link":"https:\/\/katimavik.org\/en\/news\/","title":{"rendered":"News"},"content":{"rendered":"<div class=\"wpb-content-wrapper\"><p>[vc_row full_width=&#8221;stretch_row_content_no_spaces&#8221;][vc_column]<div class=\"module-image-full-width module-bg-color bg-none \">\r\n    <div class=\"full-width-img-container\" ><img decoding=\"async\" src=\"https:\/\/katimavik.org\/wp-content\/uploads\/2024\/11\/nov-1-screenshot-from-compresspng.jpg\" alt=\"Katimavik - 2000s\"><\/div>\r\n\t<div style=\"background-image: url(https:\/\/katimavik.org\/wp-content\/uploads\/2024\/11\/nov-1-screenshot-from-compresspng.jpg);\" class=\"bg-color color-blanc \">\r\n        \t\t<div class=\"container-xl h-100\">\r\n\t\t\t<div class=\"row h-100\">\r\n\t\t\t\t<div class=\"col-12 d-flex align-items-center justify-content-start\">\r\n\t\t\t\t\t<div class=\"content-box\">\r\n                                                                        \t\t\t\t\t<\/div>\r\n\t\t\t\t<\/div>\r\n\t\t\t<\/div>\r\n\t\t<\/div>\r\n\t<\/div>\r\n<\/div>\r\n[\/vc_column][\/vc_row][vc_row full_width=&#8221;stretch_row_content_no_spaces&#8221;][vc_column]<div class=\"module-nouvelles module-bg-color bg-blanc \">\r\n\t<div class=\"module-pad\">\r\n\t\t<div class=\"container-xl\">\r\n\t\t\t<div class=\"row\">\r\n\t\t\t\t<div class=\"col-lg-4\">\r\n\t\t\t\t\t<div class=\"title-box\">\r\n\t\t\t\t\t\t<h2 class=\"color-defaut font-defaut\">News<\/h2>\r\n\t\t\t\t\t\t<span class=\"lead\">\r\n\t\t\t\t\t\t\t<p class=\"color-defaut font-defaut\">Since its founding, Katimavik has mobilized over 40,000 young Canadians to make a lasting impact in more than 1,000 communities.<\/p>\r\n\t\t\t\t\t\t<\/span>\r\n                        \t\t\t\t\t<\/div>\r\n\t\t\t\t<\/div>\r\n\t\t\t\t<div class=\"col-lg-8 col-xl-7 offset-xl-1\">\r\n\t\t\t\t\t<div class=\"content-box petit-titre\">\r\n\t\t\t\t\t\t<h3 class=\"color-defaut font-defaut\"><\/h3>\r\n\t\t\t\t\t\t<p class=\"color-defaut font-defaut\"><\/p>\r\n\t\t\t\t\t<\/div>\r\n\t\t\t\t\t<div class=\"row\">\r\n                                                    <div class=\"col-sm-6\">\r\n                                <div class=\"news-box\">\r\n                                    <div class=\"img-box\" style=\"background-image: url('https:\/\/katimavik.org\/wp-content\/uploads\/2025\/11\/ng9a4783-11zon-scaled.jpg')\">\r\n\t\t\t\t\t\t\t\t\t\t<a href=\"https:\/\/katimavik.org\/en\/2025\/11\/19\/canadian-youth-are-ready-to-serve\/\" class=\"\"><img decoding=\"async\" src=\"https:\/\/katimavik.org\/wp-content\/uploads\/2025\/11\/ng9a4783-11zon-scaled.jpg\" alt=\"Our Request to the Government of Canada\" class=\"img-fluid\"><\/a>\r\n                                    <\/div>\r\n                                    <div class=\"content-box\">\r\n\t\t\t\t\t\t\t\t\t\t<a href=\"https:\/\/katimavik.org\/en\/2025\/11\/19\/canadian-youth-are-ready-to-serve\/\" class=\"\">\r\n\t\t\t\t\t\t\t\t\t\t\t<h4>Our Request to the Government of Canada<\/h4>\r\n\t\t\t\t\t\t\t\t\t\t\t<span class=\"p-small\">\r\n\t\t\t\t\t\t\t\t\t\t\t<p><p>\r\n\r\nEmpower them through a Youth Climate Corps delivered by Katimavik\r\n\r\nFor nearly 50 years, Katimavik has proven that, when young Canadians are given the chance to serve, they deliver with purpose, courage, and measurable impact. As \u2026<\/p><\/p>\r\n\t\t\t\t\t\t\t\t\t\t<\/a>\r\n\t\t\t\t\t\t\t\t\t<\/span>\r\n                                        <div class=\"btns-box\">\r\n                                            <a href=\"https:\/\/katimavik.org\/en\/2025\/11\/19\/canadian-youth-are-ready-to-serve\/\" class=\"btn btn-primary\">Learn more<\/a>\r\n                                        <\/div>\r\n                                    <\/div>\r\n                                <\/div>\r\n                            <\/div>\r\n                                                    <div class=\"col-sm-6\">\r\n                                <div class=\"news-box\">\r\n                                    <div class=\"img-box\" style=\"background-image: url('https:\/\/katimavik.org\/wp-content\/uploads\/2024\/11\/murray-sinclair.png')\">\r\n\t\t\t\t\t\t\t\t\t\t<a href=\"https:\/\/katimavik.org\/en\/2024\/11\/05\/honouring-the-legacy-of-the-honorable-murray-sinclair\/\" class=\"\"><img decoding=\"async\" src=\"https:\/\/katimavik.org\/wp-content\/uploads\/2024\/11\/murray-sinclair.png\" alt=\"Honouring the Legacy of the Honorable Murray Sinclair\" class=\"img-fluid\"><\/a>\r\n                                    <\/div>\r\n                                    <div class=\"content-box\">\r\n\t\t\t\t\t\t\t\t\t\t<a href=\"https:\/\/katimavik.org\/en\/2024\/11\/05\/honouring-the-legacy-of-the-honorable-murray-sinclair\/\" class=\"\">\r\n\t\t\t\t\t\t\t\t\t\t\t<h4>Honouring the Legacy of the Honorable Murray Sinclair<\/h4>\r\n\t\t\t\t\t\t\t\t\t\t\t<span class=\"p-small\">\r\n\t\t\t\t\t\t\t\t\t\t\t<p><p>Murray Sinclair : A Lifelong Advocate for Truth, Reconciliation, and Justice\u00a0\r\nKatimavik extends its\u00a0deepest condolences to the family, friends, and community of the Honorable Murray Sinclair, who passed away\u00a0at the age of 73. As a respected \u2026<\/p><\/p>\r\n\t\t\t\t\t\t\t\t\t\t<\/a>\r\n\t\t\t\t\t\t\t\t\t<\/span>\r\n                                        <div class=\"btns-box\">\r\n                                            <a href=\"https:\/\/katimavik.org\/en\/2024\/11\/05\/honouring-the-legacy-of-the-honorable-murray-sinclair\/\" class=\"btn btn-primary\">Learn more<\/a>\r\n                                        <\/div>\r\n                                    <\/div>\r\n                                <\/div>\r\n                            <\/div>\r\n                                                    <div class=\"col-sm-6\">\r\n                                <div class=\"news-box\">\r\n                                    <div class=\"img-box\" style=\"background-image: url('https:\/\/katimavik.org\/wp-content\/uploads\/2024\/08\/aug-28-screenshot-from-iloveimg.jpg')\">\r\n\t\t\t\t\t\t\t\t\t\t<a href=\"https:\/\/katimavik.org\/en\/2024\/08\/28\/katimavik-and-the-pride-movement\/\" class=\"\"><img decoding=\"async\" src=\"https:\/\/katimavik.org\/wp-content\/uploads\/2024\/08\/aug-28-screenshot-from-iloveimg.jpg\" alt=\"Katimavik and the Pride Movement\" class=\"img-fluid\"><\/a>\r\n                                    <\/div>\r\n                                    <div class=\"content-box\">\r\n\t\t\t\t\t\t\t\t\t\t<a href=\"https:\/\/katimavik.org\/en\/2024\/08\/28\/katimavik-and-the-pride-movement\/\" class=\"\">\r\n\t\t\t\t\t\t\t\t\t\t\t<h4>Katimavik and the Pride Movement<\/h4>\r\n\t\t\t\t\t\t\t\t\t\t\t<span class=\"p-small\">\r\n\t\t\t\t\t\t\t\t\t\t\t<p><p>\r\n\r\nThe Pride movement has a rich and profound history that spans over five decades, rooted in the courageous efforts of individuals who stood up against injustice and discrimination. At Katimavik, we are honored to be \u2026<\/p><\/p>\r\n\t\t\t\t\t\t\t\t\t\t<\/a>\r\n\t\t\t\t\t\t\t\t\t<\/span>\r\n                                        <div class=\"btns-box\">\r\n                                            <a href=\"https:\/\/katimavik.org\/en\/2024\/08\/28\/katimavik-and-the-pride-movement\/\" class=\"btn btn-primary\">Learn more<\/a>\r\n                                        <\/div>\r\n                                    <\/div>\r\n                                <\/div>\r\n                            <\/div>\r\n                                                    <div class=\"col-sm-6\">\r\n                                <div class=\"news-box\">\r\n                                    <div class=\"img-box\" style=\"background-image: url('https:\/\/katimavik.org\/wp-content\/uploads\/2023\/12\/powwowkingsclear-katimavik001-1-1-scaled-1.jpg')\">\r\n\t\t\t\t\t\t\t\t\t\t<a href=\"https:\/\/katimavik.org\/en\/2023\/12\/05\/katimavik-its-programs-and-truth-and-reconciliation\/\" class=\"\"><img decoding=\"async\" src=\"https:\/\/katimavik.org\/wp-content\/uploads\/2023\/12\/powwowkingsclear-katimavik001-1-1-scaled-1.jpg\" alt=\"Katimavik, Its Programs, and Truth and Reconciliation\" class=\"img-fluid\"><\/a>\r\n                                    <\/div>\r\n                                    <div class=\"content-box\">\r\n\t\t\t\t\t\t\t\t\t\t<a href=\"https:\/\/katimavik.org\/en\/2023\/12\/05\/katimavik-its-programs-and-truth-and-reconciliation\/\" class=\"\">\r\n\t\t\t\t\t\t\t\t\t\t\t<h4>Katimavik, Its Programs, and Truth and Reconciliation<\/h4>\r\n\t\t\t\t\t\t\t\t\t\t\t<span class=\"p-small\">\r\n\t\t\t\t\t\t\t\t\t\t\t<p><p>Katimavik and Its Programs\r\nSince its foundation in 1977, Katimavik's mission has been to empower youth and help them become engaged, caring citizens who can contribute to a better Canada. We do this through the development \u2026<\/p><\/p>\r\n\t\t\t\t\t\t\t\t\t\t<\/a>\r\n\t\t\t\t\t\t\t\t\t<\/span>\r\n                                        <div class=\"btns-box\">\r\n                                            <a href=\"https:\/\/katimavik.org\/en\/2023\/12\/05\/katimavik-its-programs-and-truth-and-reconciliation\/\" class=\"btn btn-primary\">Learn more<\/a>\r\n                                        <\/div>\r\n                                    <\/div>\r\n                                <\/div>\r\n                            <\/div>\r\n                                                    <div class=\"col-sm-6\">\r\n                                <div class=\"news-box\">\r\n                                    <div class=\"img-box\" style=\"background-image: url('https:\/\/katimavik.org\/wp-content\/uploads\/2023\/12\/screenshot-2024-03-26-at-101413am.jpg')\">\r\n\t\t\t\t\t\t\t\t\t\t<a href=\"https:\/\/katimavik.org\/en\/2023\/12\/05\/the-national-experience-an-important-update\/\" class=\"\"><img decoding=\"async\" src=\"https:\/\/katimavik.org\/wp-content\/uploads\/2023\/12\/screenshot-2024-03-26-at-101413am.jpg\" alt=\"The National Experience: An important update\" class=\"img-fluid\"><\/a>\r\n                                    <\/div>\r\n                                    <div class=\"content-box\">\r\n\t\t\t\t\t\t\t\t\t\t<a href=\"https:\/\/katimavik.org\/en\/2023\/12\/05\/the-national-experience-an-important-update\/\" class=\"\">\r\n\t\t\t\t\t\t\t\t\t\t\t<h4>The National Experience: An important update<\/h4>\r\n\t\t\t\t\t\t\t\t\t\t\t<span class=\"p-small\">\r\n\t\t\t\t\t\t\t\t\t\t\t<p><p>Dear Katimavik family, \r\n\r\nThe Government of Canada has recently announced an update about its approach to youth programming funded through the Canada Service Corps (CSC), transitioning from an annual basis to a new multi-year funding \u2026<\/p><\/p>\r\n\t\t\t\t\t\t\t\t\t\t<\/a>\r\n\t\t\t\t\t\t\t\t\t<\/span>\r\n                                        <div class=\"btns-box\">\r\n                                            <a href=\"https:\/\/katimavik.org\/en\/2023\/12\/05\/the-national-experience-an-important-update\/\" class=\"btn btn-primary\">Learn more<\/a>\r\n                                        <\/div>\r\n                                    <\/div>\r\n                                <\/div>\r\n                            <\/div>\r\n                                                    <div class=\"col-sm-6\">\r\n                                <div class=\"news-box\">\r\n                                    <div class=\"img-box\" style=\"background-image: url('https:\/\/katimavik.org\/wp-content\/uploads\/2023\/11\/screenshot-2024-03-26-at-102717am.jpg')\">\r\n\t\t\t\t\t\t\t\t\t\t<a href=\"https:\/\/katimavik.org\/en\/2023\/11\/28\/real-world-experience-how-futureperfect-is-preparing-you-for-success\/\" class=\"\"><img decoding=\"async\" src=\"https:\/\/katimavik.org\/wp-content\/uploads\/2023\/11\/screenshot-2024-03-26-at-102717am.jpg\" alt=\"Real-World Experience: How FuturePerfect is Preparing You for Success\" class=\"img-fluid\"><\/a>\r\n                                    <\/div>\r\n                                    <div class=\"content-box\">\r\n\t\t\t\t\t\t\t\t\t\t<a href=\"https:\/\/katimavik.org\/en\/2023\/11\/28\/real-world-experience-how-futureperfect-is-preparing-you-for-success\/\" class=\"\">\r\n\t\t\t\t\t\t\t\t\t\t\t<h4>Real-World Experience: How FuturePerfect is Preparing You for Success<\/h4>\r\n\t\t\t\t\t\t\t\t\t\t\t<span class=\"p-small\">\r\n\t\t\t\t\t\t\t\t\t\t\t<p><p>Starting a professional career can be a challenge, whether it's due to a lack of experience, a competitive industry, or difficulties with networking and finding the right fit. That's why gaining real-world experience is a \u2026<\/p><\/p>\r\n\t\t\t\t\t\t\t\t\t\t<\/a>\r\n\t\t\t\t\t\t\t\t\t<\/span>\r\n                                        <div class=\"btns-box\">\r\n                                            <a href=\"https:\/\/katimavik.org\/en\/2023\/11\/28\/real-world-experience-how-futureperfect-is-preparing-you-for-success\/\" class=\"btn btn-primary\">Learn more<\/a>\r\n                                        <\/div>\r\n                                    <\/div>\r\n                                <\/div>\r\n                            <\/div>\r\n                                                    <div class=\"col-sm-6\">\r\n                                <div class=\"news-box\">\r\n                                    <div class=\"img-box\" style=\"background-image: url('https:\/\/katimavik.org\/wp-content\/uploads\/2023\/04\/chateau-frontenac-quebec-city-canada.jpg')\">\r\n\t\t\t\t\t\t\t\t\t\t<a href=\"https:\/\/katimavik.org\/en\/2023\/04\/20\/a-new-partnership-to-support-the-tourism-industry-with-destination-quebec-cite\/\" class=\"\"><img decoding=\"async\" src=\"https:\/\/katimavik.org\/wp-content\/uploads\/2023\/04\/chateau-frontenac-quebec-city-canada.jpg\" alt=\"Destination Qu\u00e9bec cit\u00e9: A New Partnership to Support the Tourism Industry\" class=\"img-fluid\"><\/a>\r\n                                    <\/div>\r\n                                    <div class=\"content-box\">\r\n\t\t\t\t\t\t\t\t\t\t<a href=\"https:\/\/katimavik.org\/en\/2023\/04\/20\/a-new-partnership-to-support-the-tourism-industry-with-destination-quebec-cite\/\" class=\"\">\r\n\t\t\t\t\t\t\t\t\t\t\t<h4>Destination Qu\u00e9bec cit\u00e9: A New Partnership to Support the Tourism Industry<\/h4>\r\n\t\t\t\t\t\t\t\t\t\t\t<span class=\"p-small\">\r\n\t\t\t\t\t\t\t\t\t\t\t<p><p>Katimavik is pleased to partner with Destination Qu\u00e9bec cit\u00e9, an organization that brings together many members of the tourism industry in the Qu\u00e9bec City area, to offer a stepping stone to a professional career to \u2026<\/p><\/p>\r\n\t\t\t\t\t\t\t\t\t\t<\/a>\r\n\t\t\t\t\t\t\t\t\t<\/span>\r\n                                        <div class=\"btns-box\">\r\n                                            <a href=\"https:\/\/katimavik.org\/en\/2023\/04\/20\/a-new-partnership-to-support-the-tourism-industry-with-destination-quebec-cite\/\" class=\"btn btn-primary\">Learn more<\/a>\r\n                                        <\/div>\r\n                                    <\/div>\r\n                                <\/div>\r\n                            <\/div>\r\n                        \t\t\t\t\t<\/div>\r\n\t\t\t\t<\/div>\r\n\t\t\t<\/div>\r\n\t\t<\/div>\r\n\t<\/div>\r\n<\/div>\r\n[\/vc_column][\/vc_row]<\/p>\n<\/div>","protected":false},"excerpt":{"rendered":"<p>Depuis la fondation de Katimavik, plus de 37\u2009000 jeunes du pays ont particip\u00e9 \u00e0 ses programmes et ont eu un impact durable dans plus de 1000 communaut\u00e9s.<\/p>\n","protected":false},"author":1,"featured_media":0,"parent":0,"menu_order":0,"comment_status":"closed","ping_status":"closed","template":"","meta":{"_acf_changed":false,"footnotes":""},"class_list":["post-655","page","type-page","status-publish","hentry"],"acf":[],"yoast_head":"<!-- This site is optimized with the Yoast SEO plugin v22.8 - https:\/\/yoast.com\/wordpress\/plugins\/seo\/ -->\n<title>News - Katimavik<\/title>\n<meta name=\"description\" content=\"Find all the news, articles and press releases about Katimavik and its programs in this section.\" \/>\n<meta name=\"robots\" content=\"index, follow, max-snippet:-1, max-image-preview:large, max-video-preview:-1\" \/>\n<link rel=\"canonical\" href=\"https:\/\/katimavik.org\/en\/news\/\" \/>\n<meta property=\"og:locale\" content=\"en_US\" \/>\n<meta property=\"og:type\" content=\"article\" \/>\n<meta property=\"og:title\" content=\"News - Katimavik\" \/>\n<meta property=\"og:description\" content=\"Find all the news, articles and press releases about Katimavik and its programs in this section.\" \/>\n<meta property=\"og:url\" content=\"https:\/\/katimavik.org\/en\/news\/\" \/>\n<meta property=\"og:site_name\" content=\"Katimavik\" \/>\n<meta property=\"article:modified_time\" content=\"2025-01-07T15:31:41+00:00\" \/>\n<meta property=\"og:image\" content=\"https:\/\/katimavik.org\/wp-content\/uploads\/2024\/05\/katimavik-rs.png\" \/>\n\t<meta property=\"og:image:width\" content=\"1200\" \/>\n\t<meta property=\"og:image:height\" content=\"675\" \/>\n\t<meta property=\"og:image:type\" content=\"image\/png\" \/>\n<meta name=\"twitter:card\" content=\"summary_large_image\" \/>\n<meta name=\"twitter:label1\" content=\"Est. reading time\" \/>\n\t<meta name=\"twitter:data1\" content=\"1 minute\" \/>\n<script type=\"application\/ld+json\" class=\"yoast-schema-graph\">{\"@context\":\"https:\/\/schema.org\",\"@graph\":[{\"@type\":\"WebPage\",\"@id\":\"https:\/\/katimavik.org\/en\/news\/\",\"url\":\"https:\/\/katimavik.org\/en\/news\/\",\"name\":\"News - Katimavik\",\"isPartOf\":{\"@id\":\"https:\/\/katimavik.org\/en\/#website\"},\"datePublished\":\"2023-08-18T18:27:09+00:00\",\"dateModified\":\"2025-01-07T15:31:41+00:00\",\"description\":\"Find all the news, articles and press releases about Katimavik and its programs in this section.\",\"breadcrumb\":{\"@id\":\"https:\/\/katimavik.org\/en\/news\/#breadcrumb\"},\"inLanguage\":\"en-US\",\"potentialAction\":[{\"@type\":\"ReadAction\",\"target\":[\"https:\/\/katimavik.org\/en\/news\/\"]}]},{\"@type\":\"BreadcrumbList\",\"@id\":\"https:\/\/katimavik.org\/en\/news\/#breadcrumb\",\"itemListElement\":[{\"@type\":\"ListItem\",\"position\":1,\"name\":\"Home\",\"item\":\"https:\/\/katimavik.org\/en\/\"},{\"@type\":\"ListItem\",\"position\":2,\"name\":\"News\"}]},{\"@type\":\"WebSite\",\"@id\":\"https:\/\/katimavik.org\/en\/#website\",\"url\":\"https:\/\/katimavik.org\/en\/\",\"name\":\"Katimavik\",\"description\":\"\",\"potentialAction\":[{\"@type\":\"SearchAction\",\"target\":{\"@type\":\"EntryPoint\",\"urlTemplate\":\"https:\/\/katimavik.org\/en\/?s={search_term_string}\"},\"query-input\":\"required name=search_term_string\"}],\"inLanguage\":\"en-US\"}]}<\/script>\n<!-- \/ Yoast SEO plugin. -->","yoast_head_json":{"title":"News - Katimavik","description":"Find all the news, articles and press releases about Katimavik and its programs in this section.","robots":{"index":"index","follow":"follow","max-snippet":"max-snippet:-1","max-image-preview":"max-image-preview:large","max-video-preview":"max-video-preview:-1"},"canonical":"https:\/\/katimavik.org\/en\/news\/","og_locale":"en_US","og_type":"article","og_title":"News - Katimavik","og_description":"Find all the news, articles and press releases about Katimavik and its programs in this section.","og_url":"https:\/\/katimavik.org\/en\/news\/","og_site_name":"Katimavik","article_modified_time":"2025-01-07T15:31:41+00:00","og_image":[{"width":1200,"height":675,"url":"https:\/\/katimavik.org\/wp-content\/uploads\/2024\/05\/katimavik-rs.png","type":"image\/png"}],"twitter_card":"summary_large_image","twitter_misc":{"Est. reading time":"1 minute"},"schema":{"@context":"https:\/\/schema.org","@graph":[{"@type":"WebPage","@id":"https:\/\/katimavik.org\/en\/news\/","url":"https:\/\/katimavik.org\/en\/news\/","name":"News - Katimavik","isPartOf":{"@id":"https:\/\/katimavik.org\/en\/#website"},"datePublished":"2023-08-18T18:27:09+00:00","dateModified":"2025-01-07T15:31:41+00:00","description":"Find all the news, articles and press releases about Katimavik and its programs in this section.","breadcrumb":{"@id":"https:\/\/katimavik.org\/en\/news\/#breadcrumb"},"inLanguage":"en-US","potentialAction":[{"@type":"ReadAction","target":["https:\/\/katimavik.org\/en\/news\/"]}]},{"@type":"BreadcrumbList","@id":"https:\/\/katimavik.org\/en\/news\/#breadcrumb","itemListElement":[{"@type":"ListItem","position":1,"name":"Home","item":"https:\/\/katimavik.org\/en\/"},{"@type":"ListItem","position":2,"name":"News"}]},{"@type":"WebSite","@id":"https:\/\/katimavik.org\/en\/#website","url":"https:\/\/katimavik.org\/en\/","name":"Katimavik","description":"","potentialAction":[{"@type":"SearchAction","target":{"@type":"EntryPoint","urlTemplate":"https:\/\/katimavik.org\/en\/?s={search_term_string}"},"query-input":"required name=search_term_string"}],"inLanguage":"en-US"}]}},"_links":{"self":[{"href":"https:\/\/katimavik.org\/en\/wp-json\/wp\/v2\/pages\/655","targetHints":{"allow":["GET"]}}],"collection":[{"href":"https:\/\/katimavik.org\/en\/wp-json\/wp\/v2\/pages"}],"about":[{"href":"https:\/\/katimavik.org\/en\/wp-json\/wp\/v2\/types\/page"}],"author":[{"embeddable":true,"href":"https:\/\/katimavik.org\/en\/wp-json\/wp\/v2\/users\/1"}],"replies":[{"embeddable":true,"href":"https:\/\/katimavik.org\/en\/wp-json\/wp\/v2\/comments?post=655"}],"version-history":[{"count":7,"href":"https:\/\/katimavik.org\/en\/wp-json\/wp\/v2\/pages\/655\/revisions"}],"predecessor-version":[{"id":2627,"href":"https:\/\/katimavik.org\/en\/wp-json\/wp\/v2\/pages\/655\/revisions\/2627"}],"wp:attachment":[{"href":"https:\/\/katimavik.org\/en\/wp-json\/wp\/v2\/media?parent=655"}],"curies":[{"name":"wp","href":"https:\/\/api.w.org\/{rel}","templated":true}]}}